{"id":1007,"date":"2020-04-20T12:40:08","date_gmt":"2020-04-20T11:40:08","guid":{"rendered":"http:\/\/sv-struthuetten.de\/?page_id=1007"},"modified":"2025-04-28T17:58:23","modified_gmt":"2025-04-28T15:58:23","slug":"trainingszeiten-anfahrt","status":"publish","type":"page","link":"https:\/\/sv-struthuetten.de\/aktuelles\/trainingszeiten-anfahrt\/","title":{"rendered":"Trainingszeiten\/Anfahrt"},"content":{"rendered":"\n<figure class=\"wp-block-table\"><table><tbody><tr><td><strong>Sonntag&nbsp;&nbsp;&nbsp;<\/strong><\/td><td><strong>10:00 &#8211; 13:00 Uhr<\/strong><br><strong>(Gro\u00dfkaliber ab 11:00 Uhr)<\/strong><\/td><\/tr><tr><td><strong>Montag<\/strong><\/td><td><br><\/td><\/tr><tr><td><strong>Mittwoch (Sch\u00fctzen \/-innen)<\/strong><\/td><td><strong>17:00 &#8211; 20:00 Uhr<\/strong>, <strong>Gro\u00dfkaliber bis 19:00 Uhr<\/strong> <br><strong>(Nach Vereinbarung)<\/strong><\/td><\/tr><tr><td><strong>Donnerstag (Jugend)<\/strong><\/td><td><strong>17:00 &#8211; 19:00 Uhr<\/strong><br><\/td><\/tr><tr><td><strong>Freitag (Sch\u00fctzen \/-innen)<\/strong><\/td><td><strong>18:00 &#8211; 22:00 Uhr<\/strong><br><strong>(Gro\u00dfkaliber bis 19:00 Uhr)<\/strong><\/td><\/tr><tr><td><strong>Samstag (BDS-Gruppe)<\/strong><\/td><td><strong>15:00 &#8211; 19:00 Uhr&nbsp;<\/strong><br><strong>(Nach Vereinbarung)<\/strong><\/td><\/tr><\/tbody><\/table><\/figure>\n\n\n<div class=\"wpgmza-store-locator wpgmza_sl_main_div\" data-id=\"1\">\r\n\t<div class=\"wpgmza-address-container wpgmza-form-field wpgmza_sl_query_div wpgmza-clearfix\">\r\n\t\t<label class=\"wpgmza-address wpgmza-form-field__label wpgmza-form-field__label--float\" data-name=\"addressLabel\" for=\"addressInput\">PLZ \/ Adresse:<\/label>\r\n\t\t<input class=\"wpgmza-address\" type=\"text\" placeholder=\"Einen Ort eingeben\" autocomplete=\"off\" data-name=\"defaultAddress\" value=\"\" id=\"addressInput\" size=\"20\" aria-label=\"PLZ \/ Adresse:\">\r\n\t<\/div>\r\n\t\r\n\t<div class=\"wpgmza-radius-container wpgmza-form-field wpgmza_sl_radius_div wpgmza-clearfix\">\r\n\t\t<label class=\"wpgmza-radius wpgmza-form-field__label wpgmza-form-field__label--float\" for=\"radiusSelect\">\r\n\t\t\tRadius:\t\t<\/label>\r\n\t\t<select class=\"wpgmza-radius wpgmza-form-field__input wpgmza_sl_radius_select\" id=\"radiusSelect\" aria-label=\"Radius:\"><option class=\"wpgmza-radius wpgmza_sl_select_option\" value=\"1\">1mi<\/option><option class=\"wpgmza-radius wpgmza_sl_select_option\" value=\"5\">5mi<\/option><option class=\"wpgmza-radius wpgmza_sl_select_option\" value=\"10\" selected>10mi<\/option><option class=\"wpgmza-radius wpgmza_sl_select_option\" value=\"25\">25mi<\/option><option class=\"wpgmza-radius wpgmza_sl_select_option\" value=\"50\">50mi<\/option><option class=\"wpgmza-radius wpgmza_sl_select_option\" value=\"75\">75mi<\/option><option class=\"wpgmza-radius wpgmza_sl_select_option\" value=\"100\">100mi<\/option><option class=\"wpgmza-radius wpgmza_sl_select_option\" value=\"150\">150mi<\/option><option class=\"wpgmza-radius wpgmza_sl_select_option\" value=\"200\">200mi<\/option><option class=\"wpgmza-radius wpgmza_sl_select_option\" value=\"300\">300mi<\/option><\/select>\r\n\t<\/div>\r\n\t\r\n\t<input class=\"wpgmza-search wpgmza_sl_search_button wpgmza_sl_search_button_1\" value=\"Suche\" type=\"button\" onclick=\"searchLocations(1)\">\r\n\t\r\n\t<div class=\"wpgmza-no-results wpgmza-not-found-msg js-not-found-msg\" style=\"display: none;\">\r\n\t\t<p data-name=\"notFoundMessage\">Keine Ergebnisse in dieser Position gefunden. Bitte versuche es erneut.<\/p>\r\n\t<\/div>\r\n<\/div><div id=\"wpgmza_map\" class=\"wpgmza_map\" data-settings='{\"id\":\"1\",\"map_title\":\"Sch\\u00fctzenverein Struth\\u00fctten 1956 e.V.\",\"map_width\":\"80\",\"map_height\":\"300\",\"map_start_lat\":\"50.79201765617461\",\"map_start_lng\":\"7.971462421064017\",\"map_start_location\":\"34.95764262973995,-91.50509556234024\",\"map_start_zoom\":\"14\",\"default_marker\":\"0\",\"type\":\"1\",\"alignment\":\"2\",\"directions_enabled\":\"1\",\"styling_enabled\":\"0\",\"styling_json\":\"\",\"active\":\"0\",\"kml\":\"\",\"bicycle\":\"0\",\"traffic\":\"0\",\"dbox\":\"1\",\"dbox_width\":\"100\",\"listmarkers\":\"0\",\"listmarkers_advanced\":\"0\",\"filterbycat\":\"0\",\"ugm_enabled\":\"0\",\"ugm_category_enabled\":\"0\",\"fusion\":\"\",\"map_width_type\":\"%\",\"map_height_type\":\"px\",\"mass_marker_support\":\"1\",\"ugm_access\":\"0\",\"order_markers_by\":\"0\",\"order_markers_choice\":\"0\",\"show_user_location\":\"0\",\"default_to\":\"\",\"other_settings\":{\"store_locator_enabled\":true,\"store_locator_distance\":true,\"store_locator_default_radius\":10,\"store_locator_not_found_message\":\"\",\"store_locator_bounce\":1,\"store_locator_query_string\":\"\",\"store_locator_default_address\":\"\",\"wpgmza_store_locator_restrict\":\"\",\"wpgmza_store_locator_radius_style\":\"modern\",\"map_max_zoom\":\"1\",\"transport_layer\":false,\"wpgmza_show_points_of_interest\":0,\"wpgmza_auto_night\":0,\"action\":\"wpgmza_save_map\",\"redirect_to\":\"\\\/wp-admin\\\/admin-post.php\",\"map_id\":\"1\",\"http_referer\":\"\\\/wp-admin\\\/admin.php?page=wp-google-maps-menu&amp;amp;action=edit&amp;amp;map_id=1\",\"wpgmza_id\":\"1\",\"wpgmza_start_location\":\"50.79201765617461,7.971462421064017\",\"wpgmza_start_zoom\":\"3\",\"store_locator_search_area\":\"radial\",\"wpgmza_store_locator_default_radius\":\"10\",\"store_locator_auto_area_max_zoom\":\"\",\"wpgmza_store_locator_position\":false,\"store_locator_show_distance\":false,\"store_locator_category\":false,\"wpgmza_store_locator_use_their_location\":false,\"wpgmza_store_locator_bounce\":false,\"wpgmza_sl_animation\":null,\"wpgmza_store_locator_hide_before_search\":false,\"store_locator_location_placeholder\":\"\",\"store_locator_name_search\":false,\"store_locator_name_string\":\"\",\"sl_stroke_color\":\"\",\"sl_stroke_opacity\":\"\",\"sl_fill_color\":\"\",\"sl_fill_opacity\":\"\",\"wpgmza_map_align\":\"1\",\"jump_to_nearest_marker_on_initialization\":false,\"automatically_pan_to_users_location\":false,\"override_users_location_zoom_level\":false,\"override_users_location_zoom_levels\":\"\",\"show_distance_from_location\":false,\"map_min_zoom\":\"0\",\"click_open_link\":false,\"fit_maps_bounds_to_markers\":false,\"fit_maps_bounds_to_markers_after_filtering\":false,\"hide_point_of_interest\":false,\"wpgmza_zoom_on_marker_click\":false,\"wpgmza_zoom_on_marker_click_slider\":\"\",\"close_infowindow_on_map_click\":false,\"disable_lightbox_images\":false,\"use_Raw_Jpeg_Coordinates\":false,\"disable_polygon_info_windows\":false,\"enable_marker_ratings\":false,\"only_load_markers_within_viewport\":false,\"iw_primary_color\":\"#000000\",\"iw_accent_color\":\"#000000\",\"iw_text_color\":\"#000000\",\"wpgmza_listmarkers_by\":\"0\",\"wpgmza_marker_listing_position\":false,\"zoom_level_on_marker_listing_override\":false,\"zoom_level_on_marker_listing_click\":\"\",\"marker_listing_disable_zoom\":false,\"datatable_no_result_message\":\"\",\"remove_search_box_datables\":false,\"dataTable_pagination_style\":null,\"datatable_search_string\":\"\",\"datatable_result_start\":\"\",\"datatable_result_of\":\"\",\"datatable_result_to\":\"\",\"datatable_result_total\":\"\",\"datatable_result_show\":\"\",\"datatable_result_entries\":\"\",\"wpgmza_savemap\":\"Karte speichern \\u00bb\"}}' data-map-id='1' Data-maps-engine='open-layers' data-shortcode-attributes='{\"id\":\"1\"}' style=\"display:block; overflow:auto; width:80%; height:300px; float:left;\"><\/div>\n\n\n<h2 class=\"wp-block-heading\"><strong>Hinweis:<\/strong>*<\/h2>\n\n\n\n<p>Mit Vorderladerwaffen darf nur geschossen werden wenn eine Standaufsicht anwesend ist die:<\/p>\n\n\n\n<p>-Inhaber (in) der Erlaubnis nach \u00a727 des Sprengstoffgesetzes ist.<\/p>\n\n\n\n<p>-Inhaber (in) der Schie\u00dfleiterlizenz ist.<\/p>\n\n\n\n<p>-\u00a727 Erlaubnis zum Erwerb, zum Umgang und zur Bef\u00f6rderung von Sprengstoffen besitzt.<\/p>\n\n\n\n<p>Das Schie\u00dfen mit Gro\u00dfkaliberwaffen Pistolen, Revolvern und Gewehren ist an Sonntagen&nbsp;vor 11:00 Uhr morgens&nbsp;und an Werktagen&nbsp;nach 19:00 Uhr abends&nbsp;nicht gestattet.<\/p>\n\n\n\n<p><strong>Die auf unseren St\u00e4nden zugelassen Waffen und Munition sind auf dem Schie\u00dfstand angeschlagen.<\/strong><\/p>\n\n\n\n<h2 class=\"wp-block-heading\"><strong>! Standgeb\u00fchren !<\/strong><\/h2>\n\n\n\n<figure class=\"wp-block-table\"><table><tbody><tr><td>f\u00fcr Sch\u00fctzen die einem fremden Sch\u00fctzenverein angeh\u00f6ren.<\/td><td><strong>5,00 \u20ac\u00a0(pro Disziplin)<\/strong><\/td><\/tr><tr><td>f\u00fcr Sch\u00fctzen die keinem Sch\u00fctzenverein angeh\u00f6ren.<\/td><td><strong>7,00 \u20ac\u00a0(pro Disziplin)<\/strong><\/td><\/tr><\/tbody><\/table><\/figure>\n\n\n\n<p>Schusspflaster und Munition stellt der Sch\u00fctze selbst, kann aber auch beim Verein erworben werden.<\/p>\n\n\n\n<p>Ausgenommen hiervon ist Gro\u00dfkalibermunition, f\u00fcr welche der Verein keine Waffe besitzt.<\/p>\n\n\n\n<p>Erwirbt ein Sch\u00fctze, der keinem Sch\u00fctzenverein angeh\u00f6rt und\/oder keine Munitionserwerbsberechtigung hat, Munition, so muss diese auf dem Schie\u00dfstand verschossen werden. Andernfalls muss sie vom Gastverein unter Verschluss genommen werden. Eine Mitnahme au\u00dferhalb der Schie\u00dfst\u00e4tte ist verboten.<\/p>\n\n\n\n<p>Die aufgespannten Scheiben auf den Schie\u00dfrahmen sind nach dem Schie\u00dfen vom Sch\u00fctzen abzukleben. (Ausgenommen eigene Rahmen)<\/p>\n\n\n\n<p><strong>Der Vorstand<\/strong><\/p>\n","protected":false},"excerpt":{"rendered":"<p>Sonntag&nbsp;&nbsp;&nbsp; 10:00 &#8211; 13:00 Uhr(Gro\u00dfkaliber ab 11:00 Uhr) Montag Mittwoch (Sch\u00fctzen \/-innen) 17:00 &#8211; 20:00 Uhr, Gro\u00dfkaliber bis 19:00 Uhr (Nach Vereinbarung) Donnerstag (Jugend) 17:00 &#8211; 19:00 Uhr Freitag (Sch\u00fctzen \/-innen) 18:00 &#8211; 22:00 Uhr(Gro\u00dfkaliber bis 19:00 Uhr) Samstag (BDS-Gruppe) 15:00 &#8211; 19:00 Uhr&nbsp;(Nach Vereinbarung) Hinweis:* Mit Vorderladerwaffen darf nur geschossen werden wenn eine Standaufsicht anwesend ist die: -Inhaber (in) der Erlaubnis nach \u00a727 des Sprengstoffgesetzes ist. -Inhaber (in) der Schie\u00dfleiterlizenz ist. -\u00a727 Erlaubnis zum Erwerb, zum Umgang und zur Bef\u00f6rderung von Sprengstoffen besitzt. Das Schie\u00dfen mit Gro\u00dfkaliberwaffen Pistolen, Revolvern und Gewehren ist an Sonntagen&nbsp;vor 11:00 Uhr morgens&nbsp;und an Werktagen&nbsp;nach [&hellip;]<\/p>\n","protected":false},"author":1,"featured_media":0,"parent":0,"menu_order":0,"comment_status":"closed","ping_status":"closed","template":"","meta":{"ngg_post_thumbnail":0,"footnotes":""},"class_list":["post-1007","page","type-page","status-publish","hentry"],"_links":{"self":[{"href":"https:\/\/sv-struthuetten.de\/aktuelles\/wp-json\/wp\/v2\/pages\/1007","targetHints":{"allow":["GET"]}}],"collection":[{"href":"https:\/\/sv-struthuetten.de\/aktuelles\/wp-json\/wp\/v2\/pages"}],"about":[{"href":"https:\/\/sv-struthuetten.de\/aktuelles\/wp-json\/wp\/v2\/types\/page"}],"author":[{"embeddable":true,"href":"https:\/\/sv-struthuetten.de\/aktuelles\/wp-json\/wp\/v2\/users\/1"}],"replies":[{"embeddable":true,"href":"https:\/\/sv-struthuetten.de\/aktuelles\/wp-json\/wp\/v2\/comments?post=1007"}],"version-history":[{"count":14,"href":"https:\/\/sv-struthuetten.de\/aktuelles\/wp-json\/wp\/v2\/pages\/1007\/revisions"}],"predecessor-version":[{"id":7692,"href":"https:\/\/sv-struthuetten.de\/aktuelles\/wp-json\/wp\/v2\/pages\/1007\/revisions\/7692"}],"wp:attachment":[{"href":"https:\/\/sv-struthuetten.de\/aktuelles\/wp-json\/wp\/v2\/media?parent=1007"}],"curies":[{"name":"wp","href":"https:\/\/api.w.org\/{rel}","templated":true}]}}