{"id":1394,"date":"2020-04-21T14:04:19","date_gmt":"2020-04-21T13:04:19","guid":{"rendered":"http:\/\/sv-struthuetten.de\/?page_id=1394"},"modified":"2022-06-18T08:59:37","modified_gmt":"2022-06-18T06:59:37","slug":"der-sv-struthuetten-2","status":"publish","type":"page","link":"https:\/\/sv-struthuetten.de\/aktuelles\/der-sv-struthuetten-2\/","title":{"rendered":"Der SV Struth\u00fctten"},"content":{"rendered":"\n<h3 class=\"wp-block-heading\">Der Gastraum des SV-Struth\u00fctten<br><\/h3>\n\n\n\nngg_shortcode_0_placeholder\n\n\n\n<h3 class=\"wp-block-heading\">Der Verein besitzt 3 voneinander unabh\u00e4ngig benutzbare Schie\u00dfanlagen<\/h3>\n\n\n\nngg_shortcode_1_placeholder\n\n\n\n<p style=\"font-size:11px\">*Bild anklicken f\u00fcr mehr Infos<\/p>\n\n\n\n<ul class=\"wp-block-list\"><li><strong>Der Pistolenstand ist auch f\u00fcr Schwarzpulver- Pistolen und Revolver zugelassen.<\/strong><\/li><li><strong>Das Genehmigungsverfahren um auf dem 50m KK Stand, bis max. 2500J zu Schie\u00dfen ist abgeschlossen!<\/strong><br><\/li><\/ul>\n","protected":false},"excerpt":{"rendered":"<p>Der Gastraum des SV-Struth\u00fctten Der Verein besitzt 3 voneinander unabh\u00e4ngig benutzbare Schie\u00dfanlagen *Bild anklicken f\u00fcr mehr Infos Der Pistolenstand ist auch f\u00fcr Schwarzpulver- Pistolen und Revolver zugelassen. Das Genehmigungsverfahren um auf dem 50m KK Stand, bis max. 2500J zu Schie\u00dfen ist abgeschlossen!<\/p>\n","protected":false},"author":1,"featured_media":0,"parent":0,"menu_order":0,"comment_status":"closed","ping_status":"closed","template":"","meta":{"ngg_post_thumbnail":0,"footnotes":""},"class_list":["post-1394","page","type-page","status-publish","hentry"],"_links":{"self":[{"href":"https:\/\/sv-struthuetten.de\/aktuelles\/wp-json\/wp\/v2\/pages\/1394","targetHints":{"allow":["GET"]}}],"collection":[{"href":"https:\/\/sv-struthuetten.de\/aktuelles\/wp-json\/wp\/v2\/pages"}],"about":[{"href":"https:\/\/sv-struthuetten.de\/aktuelles\/wp-json\/wp\/v2\/types\/page"}],"author":[{"embeddable":true,"href":"https:\/\/sv-struthuetten.de\/aktuelles\/wp-json\/wp\/v2\/users\/1"}],"replies":[{"embeddable":true,"href":"https:\/\/sv-struthuetten.de\/aktuelles\/wp-json\/wp\/v2\/comments?post=1394"}],"version-history":[{"count":9,"href":"https:\/\/sv-struthuetten.de\/aktuelles\/wp-json\/wp\/v2\/pages\/1394\/revisions"}],"predecessor-version":[{"id":7455,"href":"https:\/\/sv-struthuetten.de\/aktuelles\/wp-json\/wp\/v2\/pages\/1394\/revisions\/7455"}],"wp:attachment":[{"href":"https:\/\/sv-struthuetten.de\/aktuelles\/wp-json\/wp\/v2\/media?parent=1394"}],"curies":[{"name":"wp","href":"https:\/\/api.w.org\/{rel}","templated":true}]}}