{"id":1618,"date":"2020-05-19T10:07:08","date_gmt":"2020-05-19T09:07:08","guid":{"rendered":"http:\/\/sv-struthuetten.de\/?page_id=1618"},"modified":"2020-05-19T10:07:08","modified_gmt":"2020-05-19T09:07:08","slug":"der-schiesssport","status":"publish","type":"page","link":"https:\/\/sv-struthuetten.de\/aktuelles\/der-schiesssport\/","title":{"rendered":"Der Schie\u00dfsport"},"content":{"rendered":"\n<p>Das sportliche Schie\u00dfen bietet sowohl als Breiten- als auch als Leistungssport f\u00fcr jede Altersklasse eine F\u00fclle von Disziplinen.<\/p>\n\n\n\n<p>Sportliches Schie\u00dfen bedeutet Schie\u00dfen nach bestimmten Regeln, die Waffe wird dabei \u2013 entgegen ihrem milit\u00e4rischen oder jagdlichen Ursprung \u2013 als Sportger\u00e4t verwendet, \u00e4hnlich wie der Speer beim Speerwerfen oder der Degen beim Fechten.<\/p>\n\n\n\n<p>Schie\u00dfsport ist ein&nbsp;Pr\u00e4zisionssport. Durch Konzentration, Training und Disziplin k\u00f6nnen Sportsch\u00fctzen in ihren Disziplinen stetig verbessern. Mit entsprechendem Niveau kann man seine Leistung auf Vereins-, Kreis- oder sogar auf Landesebene mit anderen Sch\u00fctzen messen.<\/p>\n\n\n\n<p><em>Weder Geschlecht, Alter, St\u00e4rke, Gr\u00f6\u00dfe, Schnelligkeit oder Sch\u00f6nheit spielen im Schie\u00dfsport die entscheidende Rolle.<\/em><\/p>\n\n\n\n<p>Abh\u00e4ngig von der Bereitschaft, in Training und Wettkampf stetig immer etwas dazu zu lernen, wird der Weg zum Erfolg verlaufen.<\/p>\n\n\n\n<p>Urteilsf\u00e4higkeit, Zielstrebigkeit, organisieren, konzentrieren, planen, sind wertvolle Eigenschaften f\u00fcr das t\u00e4gliche Leben, die man sich beim Schie\u00dfsport aneignen kann.<\/p>\n\n\n\n<p>Es ist eine Sportart f\u00fcr drinnen und drau\u00dfen, f\u00fcr Sommer und Winter.<\/p>\n\n\n\n<p>Sportschie\u00dfen, ein Sport f\u00fcr Jung und alt, Mann und Frau, klein und gro\u00df, dick und d\u00fcnn, Arm und Reich.<\/p>\n\n\n\n<p>Der Einstieg in den Schie\u00dfsport ist bis ins hohe Alter m\u00f6glich, man muss nicht im Kindesalter beginnen.\u201cSportschie\u00dfen ist olympisch\u201c. Wo anders, als im Schie\u00dfsport, findet man 60-oder gar 70j\u00e4hrige Sportler mit Leistungen von internationalem Niveau?<\/p>\n\n\n\n<h3 class=\"wp-block-heading\">Interesse? Melde dich! oder komm zu den Trainingszeiten ins Sch\u00fctzenhaus.<\/h3>\n\n\n\n<p><\/p>\n","protected":false},"excerpt":{"rendered":"<p>Das sportliche Schie\u00dfen bietet sowohl als Breiten- als auch als Leistungssport f\u00fcr jede Altersklasse eine F\u00fclle von Disziplinen. Sportliches Schie\u00dfen bedeutet Schie\u00dfen nach bestimmten Regeln, die Waffe wird dabei \u2013 entgegen ihrem milit\u00e4rischen oder jagdlichen Ursprung \u2013 als Sportger\u00e4t verwendet, \u00e4hnlich wie der Speer beim Speerwerfen oder der Degen beim Fechten. Schie\u00dfsport ist ein&nbsp;Pr\u00e4zisionssport. Durch Konzentration, Training und Disziplin k\u00f6nnen Sportsch\u00fctzen in ihren Disziplinen stetig verbessern. Mit entsprechendem Niveau kann man seine Leistung auf Vereins-, Kreis- oder sogar auf Landesebene mit anderen Sch\u00fctzen messen. Weder Geschlecht, Alter, St\u00e4rke, Gr\u00f6\u00dfe, Schnelligkeit oder Sch\u00f6nheit spielen im Schie\u00dfsport die entscheidende Rolle. Abh\u00e4ngig von [&hellip;]<\/p>\n","protected":false},"author":1,"featured_media":0,"parent":0,"menu_order":0,"comment_status":"closed","ping_status":"closed","template":"","meta":{"ngg_post_thumbnail":0,"footnotes":""},"class_list":["post-1618","page","type-page","status-publish","hentry"],"_links":{"self":[{"href":"https:\/\/sv-struthuetten.de\/aktuelles\/wp-json\/wp\/v2\/pages\/1618","targetHints":{"allow":["GET"]}}],"collection":[{"href":"https:\/\/sv-struthuetten.de\/aktuelles\/wp-json\/wp\/v2\/pages"}],"about":[{"href":"https:\/\/sv-struthuetten.de\/aktuelles\/wp-json\/wp\/v2\/types\/page"}],"author":[{"embeddable":true,"href":"https:\/\/sv-struthuetten.de\/aktuelles\/wp-json\/wp\/v2\/users\/1"}],"replies":[{"embeddable":true,"href":"https:\/\/sv-struthuetten.de\/aktuelles\/wp-json\/wp\/v2\/comments?post=1618"}],"version-history":[{"count":1,"href":"https:\/\/sv-struthuetten.de\/aktuelles\/wp-json\/wp\/v2\/pages\/1618\/revisions"}],"predecessor-version":[{"id":1619,"href":"https:\/\/sv-struthuetten.de\/aktuelles\/wp-json\/wp\/v2\/pages\/1618\/revisions\/1619"}],"wp:attachment":[{"href":"https:\/\/sv-struthuetten.de\/aktuelles\/wp-json\/wp\/v2\/media?parent=1618"}],"curies":[{"name":"wp","href":"https:\/\/api.w.org\/{rel}","templated":true}]}}