{"id":1647,"date":"2020-10-15T20:12:43","date_gmt":"2020-10-15T19:12:43","guid":{"rendered":"http:\/\/sv-struthuetten.de\/?page_id=1647"},"modified":"2025-02-14T18:47:53","modified_gmt":"2025-02-14T16:47:53","slug":"werde-mitglied","status":"publish","type":"page","link":"https:\/\/sv-struthuetten.de\/aktuelles\/werde-mitglied\/","title":{"rendered":"Jetzt Mitglied werden"},"content":{"rendered":"\n<p class=\"has-text-align-center\"><strong>Lust, Teil unserer Gemeinschaft zu werden?<\/strong><\/p>\n\n\n\n<p class=\"has-text-align-center\"> Dann lade dir einfach das Formular unten <strong>herunter<\/strong>, f\u00fclle es aus und sende es uns per E-Mail zu.<\/p>\n\n\n\n<p class=\"has-text-align-center\"> Nat\u00fcrlich kannst du es auch pers\u00f6nlich w\u00e4hrend unserer \u00d6ffnungszeiten abgeben oder per Post schicken.<\/p>\n\n\n\n<p class=\"has-text-align-center\">Du hast noch Fragen? Dann schreib uns gerne eine E-Mail \u2013 wir helfen dir weiter und freuen uns, von dir zu h\u00f6ren!<\/p>\n\n\n\n<p class=\"has-text-align-center\">Wir freuen uns darauf, dich bald als neues Mitglied begr\u00fc\u00dfen zu d\u00fcrfen!<\/p>\n\n\n\n<h4 class=\"wp-block-heading has-text-align-center\">Wir freuen uns auf dich!<\/h4>\n\n\n\n<div class=\"wp-block-file\"><a id=\"wp-block-file--media-50684704-b3a4-49f2-9707-e2e9202770a9\" href=\"http:\/\/sv-struthuetten.de\/wp-content\/uploads\/2023\/01\/Anmeldung-Formular-SV-Struthuetten.pdf\" target=\"_blank\" rel=\"noreferrer noopener\">Anmeldung-Formular-SV-Struthuetten<\/a><a href=\"http:\/\/sv-struthuetten.de\/wp-content\/uploads\/2023\/01\/Anmeldung-Formular-SV-Struthuetten.pdf\" class=\"wp-block-file__button wp-element-button\" download aria-describedby=\"wp-block-file--media-50684704-b3a4-49f2-9707-e2e9202770a9\"><strong>Download<\/strong><\/a><\/div>\n\n\n\n<div class=\"wp-block-group\"><div class=\"wp-block-group__inner-container is-layout-flow wp-block-group-is-layout-flow\"><div class=\"wpgmza-store-locator wpgmza_sl_main_div\" data-id=\"1\">\r\n\t<div class=\"wpgmza-address-container wpgmza-form-field wpgmza_sl_query_div wpgmza-clearfix\">\r\n\t\t<label class=\"wpgmza-address wpgmza-form-field__label wpgmza-form-field__label--float\" data-name=\"addressLabel\" for=\"addressInput\">PLZ \/ Adresse:<\/label>\r\n\t\t<input class=\"wpgmza-address\" type=\"text\" placeholder=\"Einen Ort eingeben\" autocomplete=\"off\" data-name=\"defaultAddress\" value=\"\" id=\"addressInput\" size=\"20\" aria-label=\"PLZ \/ Adresse:\">\r\n\t<\/div>\r\n\t\r\n\t<div class=\"wpgmza-radius-container wpgmza-form-field wpgmza_sl_radius_div wpgmza-clearfix\">\r\n\t\t<label class=\"wpgmza-radius wpgmza-form-field__label wpgmza-form-field__label--float\" for=\"radiusSelect\">\r\n\t\t\tRadius:\t\t<\/label>\r\n\t\t<select class=\"wpgmza-radius wpgmza-form-field__input wpgmza_sl_radius_select\" id=\"radiusSelect\" aria-label=\"Radius:\"><option class=\"wpgmza-radius wpgmza_sl_select_option\" value=\"1\">1mi<\/option><option class=\"wpgmza-radius wpgmza_sl_select_option\" value=\"5\">5mi<\/option><option class=\"wpgmza-radius wpgmza_sl_select_option\" value=\"10\" selected>10mi<\/option><option class=\"wpgmza-radius wpgmza_sl_select_option\" value=\"25\">25mi<\/option><option class=\"wpgmza-radius wpgmza_sl_select_option\" value=\"50\">50mi<\/option><option class=\"wpgmza-radius wpgmza_sl_select_option\" value=\"75\">75mi<\/option><option class=\"wpgmza-radius wpgmza_sl_select_option\" value=\"100\">100mi<\/option><option class=\"wpgmza-radius wpgmza_sl_select_option\" value=\"150\">150mi<\/option><option class=\"wpgmza-radius wpgmza_sl_select_option\" value=\"200\">200mi<\/option><option class=\"wpgmza-radius wpgmza_sl_select_option\" value=\"300\">300mi<\/option><\/select>\r\n\t<\/div>\r\n\t\r\n\t<input class=\"wpgmza-search wpgmza_sl_search_button wpgmza_sl_search_button_1\" value=\"Suche\" type=\"button\" onclick=\"searchLocations(1)\">\r\n\t\r\n\t<div class=\"wpgmza-no-results wpgmza-not-found-msg js-not-found-msg\" style=\"display: none;\">\r\n\t\t<p data-name=\"notFoundMessage\">Keine Ergebnisse in dieser Position gefunden. Bitte versuche es erneut.<\/p>\r\n\t<\/div>\r\n<\/div><div id=\"wpgmza_map\" class=\"wpgmza_map\" data-settings='{\"id\":\"1\",\"map_title\":\"Sch\\u00fctzenverein Struth\\u00fctten 1956 e.V.\",\"map_width\":\"80\",\"map_height\":\"300\",\"map_start_lat\":\"50.79201765617461\",\"map_start_lng\":\"7.971462421064017\",\"map_start_location\":\"34.95764262973995,-91.50509556234024\",\"map_start_zoom\":\"14\",\"default_marker\":\"0\",\"type\":\"1\",\"alignment\":\"2\",\"directions_enabled\":\"1\",\"styling_enabled\":\"0\",\"styling_json\":\"\",\"active\":\"0\",\"kml\":\"\",\"bicycle\":\"0\",\"traffic\":\"0\",\"dbox\":\"1\",\"dbox_width\":\"100\",\"listmarkers\":\"0\",\"listmarkers_advanced\":\"0\",\"filterbycat\":\"0\",\"ugm_enabled\":\"0\",\"ugm_category_enabled\":\"0\",\"fusion\":\"\",\"map_width_type\":\"%\",\"map_height_type\":\"px\",\"mass_marker_support\":\"1\",\"ugm_access\":\"0\",\"order_markers_by\":\"0\",\"order_markers_choice\":\"0\",\"show_user_location\":\"0\",\"default_to\":\"\",\"other_settings\":{\"store_locator_enabled\":true,\"store_locator_distance\":true,\"store_locator_default_radius\":10,\"store_locator_not_found_message\":\"\",\"store_locator_bounce\":1,\"store_locator_query_string\":\"\",\"store_locator_default_address\":\"\",\"wpgmza_store_locator_restrict\":\"\",\"wpgmza_store_locator_radius_style\":\"modern\",\"map_max_zoom\":\"1\",\"transport_layer\":false,\"wpgmza_show_points_of_interest\":0,\"wpgmza_auto_night\":0,\"action\":\"wpgmza_save_map\",\"redirect_to\":\"\\\/wp-admin\\\/admin-post.php\",\"map_id\":\"1\",\"http_referer\":\"\\\/wp-admin\\\/admin.php?page=wp-google-maps-menu&amp;amp;action=edit&amp;amp;map_id=1\",\"wpgmza_id\":\"1\",\"wpgmza_start_location\":\"50.79201765617461,7.971462421064017\",\"wpgmza_start_zoom\":\"3\",\"store_locator_search_area\":\"radial\",\"wpgmza_store_locator_default_radius\":\"10\",\"store_locator_auto_area_max_zoom\":\"\",\"wpgmza_store_locator_position\":false,\"store_locator_show_distance\":false,\"store_locator_category\":false,\"wpgmza_store_locator_use_their_location\":false,\"wpgmza_store_locator_bounce\":false,\"wpgmza_sl_animation\":null,\"wpgmza_store_locator_hide_before_search\":false,\"store_locator_location_placeholder\":\"\",\"store_locator_name_search\":false,\"store_locator_name_string\":\"\",\"sl_stroke_color\":\"\",\"sl_stroke_opacity\":\"\",\"sl_fill_color\":\"\",\"sl_fill_opacity\":\"\",\"wpgmza_map_align\":\"1\",\"jump_to_nearest_marker_on_initialization\":false,\"automatically_pan_to_users_location\":false,\"override_users_location_zoom_level\":false,\"override_users_location_zoom_levels\":\"\",\"show_distance_from_location\":false,\"map_min_zoom\":\"0\",\"click_open_link\":false,\"fit_maps_bounds_to_markers\":false,\"fit_maps_bounds_to_markers_after_filtering\":false,\"hide_point_of_interest\":false,\"wpgmza_zoom_on_marker_click\":false,\"wpgmza_zoom_on_marker_click_slider\":\"\",\"close_infowindow_on_map_click\":false,\"disable_lightbox_images\":false,\"use_Raw_Jpeg_Coordinates\":false,\"disable_polygon_info_windows\":false,\"enable_marker_ratings\":false,\"only_load_markers_within_viewport\":false,\"iw_primary_color\":\"#000000\",\"iw_accent_color\":\"#000000\",\"iw_text_color\":\"#000000\",\"wpgmza_listmarkers_by\":\"0\",\"wpgmza_marker_listing_position\":false,\"zoom_level_on_marker_listing_override\":false,\"zoom_level_on_marker_listing_click\":\"\",\"marker_listing_disable_zoom\":false,\"datatable_no_result_message\":\"\",\"remove_search_box_datables\":false,\"dataTable_pagination_style\":null,\"datatable_search_string\":\"\",\"datatable_result_start\":\"\",\"datatable_result_of\":\"\",\"datatable_result_to\":\"\",\"datatable_result_total\":\"\",\"datatable_result_show\":\"\",\"datatable_result_entries\":\"\",\"wpgmza_savemap\":\"Karte speichern \\u00bb\"}}' data-map-id='1' Data-maps-engine='open-layers' data-shortcode-attributes='{\"id\":\"1\"}' style=\"display:block; overflow:auto; width:80%; height:300px; float:left;\"><\/div><\/div><\/div>\n\n\n\n<p><\/p>\n","protected":false},"excerpt":{"rendered":"<p>Lust, Teil unserer Gemeinschaft zu werden? Dann lade dir einfach das Formular unten herunter, f\u00fclle es aus und sende es uns per E-Mail zu. Nat\u00fcrlich kannst du es auch pers\u00f6nlich w\u00e4hrend unserer \u00d6ffnungszeiten abgeben oder per Post schicken. Du hast noch Fragen? Dann schreib uns gerne eine E-Mail \u2013 wir helfen dir weiter und freuen uns, von dir zu h\u00f6ren! Wir freuen uns darauf, dich bald als neues Mitglied begr\u00fc\u00dfen zu d\u00fcrfen! Wir freuen uns auf dich!<\/p>\n","protected":false},"author":1,"featured_media":0,"parent":0,"menu_order":0,"comment_status":"closed","ping_status":"closed","template":"","meta":{"ngg_post_thumbnail":0,"footnotes":""},"class_list":["post-1647","page","type-page","status-publish","hentry"],"_links":{"self":[{"href":"https:\/\/sv-struthuetten.de\/aktuelles\/wp-json\/wp\/v2\/pages\/1647","targetHints":{"allow":["GET"]}}],"collection":[{"href":"https:\/\/sv-struthuetten.de\/aktuelles\/wp-json\/wp\/v2\/pages"}],"about":[{"href":"https:\/\/sv-struthuetten.de\/aktuelles\/wp-json\/wp\/v2\/types\/page"}],"author":[{"embeddable":true,"href":"https:\/\/sv-struthuetten.de\/aktuelles\/wp-json\/wp\/v2\/users\/1"}],"replies":[{"embeddable":true,"href":"https:\/\/sv-struthuetten.de\/aktuelles\/wp-json\/wp\/v2\/comments?post=1647"}],"version-history":[{"count":21,"href":"https:\/\/sv-struthuetten.de\/aktuelles\/wp-json\/wp\/v2\/pages\/1647\/revisions"}],"predecessor-version":[{"id":7580,"href":"https:\/\/sv-struthuetten.de\/aktuelles\/wp-json\/wp\/v2\/pages\/1647\/revisions\/7580"}],"wp:attachment":[{"href":"https:\/\/sv-struthuetten.de\/aktuelles\/wp-json\/wp\/v2\/media?parent=1647"}],"curies":[{"name":"wp","href":"https:\/\/api.w.org\/{rel}","templated":true}]}}