{"id":312,"date":"2020-04-15T12:04:33","date_gmt":"2020-04-15T12:04:33","guid":{"rendered":"http:\/\/sv-struthuetten.de\/?page_id=312"},"modified":"2025-04-10T18:18:01","modified_gmt":"2025-04-10T16:18:01","slug":"der-vorstand","status":"publish","type":"page","link":"https:\/\/sv-struthuetten.de\/aktuelles\/der-vorstand\/","title":{"rendered":"Der Vorstand"},"content":{"rendered":"\n<details class=\"wp-block-details is-layout-flow wp-block-details-is-layout-flow\"><summary><\/summary>\n<p><\/p>\n<\/details>\n\n\n\n<p><\/p>\n\n\n\n<figure class=\"wp-block-table alignleft is-style-stripes\"><table class=\"has-fixed-layout\"><tbody><tr><td class=\"has-text-align-center\" data-align=\"center\"><img loading=\"lazy\" decoding=\"async\" width=\"400\" height=\"267\" class=\"wp-image-1000\" style=\"width: 400px;\" src=\"http:\/\/sv-struthuetten.de\/wp-content\/uploads\/2020\/04\/K800_Schtzenhaus1-1.jpg\" alt=\"\" srcset=\"https:\/\/sv-struthuetten.de\/wp-content\/uploads\/2020\/04\/K800_Schtzenhaus1-1.jpg 900w, https:\/\/sv-struthuetten.de\/wp-content\/uploads\/2020\/04\/K800_Schtzenhaus1-1-300x200.jpg 300w, https:\/\/sv-struthuetten.de\/wp-content\/uploads\/2020\/04\/K800_Schtzenhaus1-1-768x512.jpg 768w, https:\/\/sv-struthuetten.de\/wp-content\/uploads\/2020\/04\/K800_Schtzenhaus1-1-391x260.jpg 391w\" sizes=\"auto, (max-width: 400px) 100vw, 400px\" \/><\/td><td><strong>Vereinsadresse<\/strong><br>SV Struth\u00fctten<br>Am B\u00e4hnchen ( keine Postadresse ! )<br>57290 Neunkirchen<br>Telefon: 02735 5993<br><br>Postanschrift:<br><br>SV Struth\u00fctten<br>Dirk Meyer<br>Am Altenberg 18<br>57290 Neunkirchen<br><br>Email: <a href=\"mailto:Info@sv-struthuetten.de\">Info@sv-struthuetten.de<\/a><\/td><\/tr><tr><td class=\"has-text-align-center\" data-align=\"center\"><img loading=\"lazy\" decoding=\"async\" width=\"150\" height=\"200\" class=\"wp-image-7593\" style=\"width: 150px;\" src=\"https:\/\/sv-struthuetten.de\/wp-content\/uploads\/2025\/04\/IMG_7222-scaled.jpeg\" alt=\"\" srcset=\"https:\/\/sv-struthuetten.de\/wp-content\/uploads\/2025\/04\/IMG_7222-scaled.jpeg 1920w, https:\/\/sv-struthuetten.de\/wp-content\/uploads\/2025\/04\/IMG_7222-225x300.jpeg 225w, https:\/\/sv-struthuetten.de\/wp-content\/uploads\/2025\/04\/IMG_7222-768x1024.jpeg 768w, https:\/\/sv-struthuetten.de\/wp-content\/uploads\/2025\/04\/IMG_7222-300x400.jpeg 300w, https:\/\/sv-struthuetten.de\/wp-content\/uploads\/2025\/04\/IMG_7222-1152x1536.jpeg 1152w, https:\/\/sv-struthuetten.de\/wp-content\/uploads\/2025\/04\/IMG_7222-1536x2048.jpeg 1536w\" sizes=\"auto, (max-width: 150px) 100vw, 150px\" \/><\/td><td><strong>1. Vorsitzender<\/strong><br><br>Dirk Meyer<br><br><a href=\"mailto:Imre.Helsper@sv-struthuetten.de\">Dirk.Meyer@sv-struthuetten.de<\/a><br>Telefon: 02735\/2903<\/td><\/tr><tr><td class=\"has-text-align-center\" data-align=\"center\"><img loading=\"lazy\" decoding=\"async\" width=\"150\" height=\"200\" class=\"wp-image-7594\" style=\"width: 150px;\" src=\"https:\/\/sv-struthuetten.de\/wp-content\/uploads\/2025\/04\/IMG_7215-scaled.jpeg\" alt=\"\" srcset=\"https:\/\/sv-struthuetten.de\/wp-content\/uploads\/2025\/04\/IMG_7215-scaled.jpeg 1920w, https:\/\/sv-struthuetten.de\/wp-content\/uploads\/2025\/04\/IMG_7215-225x300.jpeg 225w, https:\/\/sv-struthuetten.de\/wp-content\/uploads\/2025\/04\/IMG_7215-768x1024.jpeg 768w, https:\/\/sv-struthuetten.de\/wp-content\/uploads\/2025\/04\/IMG_7215-300x400.jpeg 300w, https:\/\/sv-struthuetten.de\/wp-content\/uploads\/2025\/04\/IMG_7215-1152x1536.jpeg 1152w, https:\/\/sv-struthuetten.de\/wp-content\/uploads\/2025\/04\/IMG_7215-1536x2048.jpeg 1536w\" sizes=\"auto, (max-width: 150px) 100vw, 150px\" \/><\/td><td><strong><strong>Gesch\u00e4ftsf\u00fchrer<br><\/strong><br><\/strong>Thomas Helsper<br><br><a href=\"mailto:Thomas.Helsper@sv-struthuetten.de\">Thomas.Helsper@sv-struthuetten.de<\/a><br>Telefon: 02739\/7879<\/td><\/tr><tr><td class=\"has-text-align-center\" data-align=\"center\"><img loading=\"lazy\" decoding=\"async\" width=\"150\" height=\"200\" class=\"wp-image-7599\" style=\"width: 150px;\" src=\"https:\/\/sv-struthuetten.de\/wp-content\/uploads\/2025\/04\/IMG_7205-scaled.jpeg\" alt=\"\" srcset=\"https:\/\/sv-struthuetten.de\/wp-content\/uploads\/2025\/04\/IMG_7205-scaled.jpeg 1920w, https:\/\/sv-struthuetten.de\/wp-content\/uploads\/2025\/04\/IMG_7205-225x300.jpeg 225w, https:\/\/sv-struthuetten.de\/wp-content\/uploads\/2025\/04\/IMG_7205-768x1024.jpeg 768w, https:\/\/sv-struthuetten.de\/wp-content\/uploads\/2025\/04\/IMG_7205-300x400.jpeg 300w, https:\/\/sv-struthuetten.de\/wp-content\/uploads\/2025\/04\/IMG_7205-1152x1536.jpeg 1152w, https:\/\/sv-struthuetten.de\/wp-content\/uploads\/2025\/04\/IMG_7205-1536x2048.jpeg 1536w\" sizes=\"auto, (max-width: 150px) 100vw, 150px\" \/><\/td><td><strong><strong>2. Vorsitzender<\/strong><\/strong><br><br>Frank Euteneuer<br><br><a href=\"mailto:Frank.Euteneuer@sv-struthuetten.de\">Frank.Euteneuer@sv-struthuetten.de<\/a><br>Telefon: 02744\/933399<\/td><\/tr><tr><td class=\"has-text-align-center\" data-align=\"center\"><img loading=\"lazy\" decoding=\"async\" width=\"150\" height=\"200\" class=\"wp-image-7601\" style=\"width: 150px;\" src=\"https:\/\/sv-struthuetten.de\/wp-content\/uploads\/2025\/04\/IMG_7201-scaled.jpeg\" alt=\"\" srcset=\"https:\/\/sv-struthuetten.de\/wp-content\/uploads\/2025\/04\/IMG_7201-scaled.jpeg 1920w, https:\/\/sv-struthuetten.de\/wp-content\/uploads\/2025\/04\/IMG_7201-225x300.jpeg 225w, https:\/\/sv-struthuetten.de\/wp-content\/uploads\/2025\/04\/IMG_7201-768x1024.jpeg 768w, https:\/\/sv-struthuetten.de\/wp-content\/uploads\/2025\/04\/IMG_7201-300x400.jpeg 300w, https:\/\/sv-struthuetten.de\/wp-content\/uploads\/2025\/04\/IMG_7201-1152x1536.jpeg 1152w, https:\/\/sv-struthuetten.de\/wp-content\/uploads\/2025\/04\/IMG_7201-1536x2048.jpeg 1536w\" sizes=\"auto, (max-width: 150px) 100vw, 150px\" \/><\/td><td><strong>1. Kassierer<\/strong><br><br>Imre Helsper<br><br><a href=\"mailto:Imre.Helsper@sv-struthuetten.de\">Imre.Helsper@sv-struthuetten.de<\/a><br>Telefon:<\/td><\/tr><tr><td class=\"has-text-align-center\" data-align=\"center\"><img loading=\"lazy\" decoding=\"async\" width=\"150\" height=\"200\" class=\"wp-image-7598\" style=\"width: 150px;\" src=\"https:\/\/sv-struthuetten.de\/wp-content\/uploads\/2025\/04\/IMG_7213-scaled.jpeg\" alt=\"\" srcset=\"https:\/\/sv-struthuetten.de\/wp-content\/uploads\/2025\/04\/IMG_7213-scaled.jpeg 1920w, https:\/\/sv-struthuetten.de\/wp-content\/uploads\/2025\/04\/IMG_7213-225x300.jpeg 225w, https:\/\/sv-struthuetten.de\/wp-content\/uploads\/2025\/04\/IMG_7213-768x1024.jpeg 768w, https:\/\/sv-struthuetten.de\/wp-content\/uploads\/2025\/04\/IMG_7213-300x400.jpeg 300w, https:\/\/sv-struthuetten.de\/wp-content\/uploads\/2025\/04\/IMG_7213-1152x1536.jpeg 1152w, https:\/\/sv-struthuetten.de\/wp-content\/uploads\/2025\/04\/IMG_7213-1536x2048.jpeg 1536w\" sizes=\"auto, (max-width: 150px) 100vw, 150px\" \/><\/td><td><strong>2. Kassierer<\/strong><br><br>Ren\u00e9 Jungk<br><br><a href=\"mailto:Ren\u00e9.Jungk@sv-struthuetten.de\">Ren\u00e9.Jungk@sv-struthuetten.de<\/a><\/td><\/tr><tr><td class=\"has-text-align-center\" data-align=\"center\"><img loading=\"lazy\" decoding=\"async\" width=\"150\" height=\"200\" class=\"wp-image-7595\" style=\"width: 150px;\" src=\"https:\/\/sv-struthuetten.de\/wp-content\/uploads\/2025\/04\/IMG_7240-scaled.jpeg\" alt=\"\" srcset=\"https:\/\/sv-struthuetten.de\/wp-content\/uploads\/2025\/04\/IMG_7240-scaled.jpeg 1920w, https:\/\/sv-struthuetten.de\/wp-content\/uploads\/2025\/04\/IMG_7240-225x300.jpeg 225w, https:\/\/sv-struthuetten.de\/wp-content\/uploads\/2025\/04\/IMG_7240-768x1024.jpeg 768w, https:\/\/sv-struthuetten.de\/wp-content\/uploads\/2025\/04\/IMG_7240-300x400.jpeg 300w, https:\/\/sv-struthuetten.de\/wp-content\/uploads\/2025\/04\/IMG_7240-1152x1536.jpeg 1152w, https:\/\/sv-struthuetten.de\/wp-content\/uploads\/2025\/04\/IMG_7240-1536x2048.jpeg 1536w\" sizes=\"auto, (max-width: 150px) 100vw, 150px\" \/><\/td><td><strong>1. Schie\u00dfleiter<\/strong><br>\u00a0<br>Christian Stahl<br><br><a href=\"mailto:Christian.Stahl@sv-struthuetten.de\">Christian.Stahl@sv-struthuetten.de<\/a><br>Telefon: 02744\/930934<\/td><\/tr><tr><td class=\"has-text-align-center\" data-align=\"center\"><img loading=\"lazy\" decoding=\"async\" width=\"150\" height=\"200\" class=\"wp-image-7597\" style=\"width: 150px;\" src=\"https:\/\/sv-struthuetten.de\/wp-content\/uploads\/2025\/04\/IMG_7217-scaled.jpeg\" alt=\"\" srcset=\"https:\/\/sv-struthuetten.de\/wp-content\/uploads\/2025\/04\/IMG_7217-scaled.jpeg 1920w, https:\/\/sv-struthuetten.de\/wp-content\/uploads\/2025\/04\/IMG_7217-225x300.jpeg 225w, https:\/\/sv-struthuetten.de\/wp-content\/uploads\/2025\/04\/IMG_7217-768x1024.jpeg 768w, https:\/\/sv-struthuetten.de\/wp-content\/uploads\/2025\/04\/IMG_7217-300x400.jpeg 300w, https:\/\/sv-struthuetten.de\/wp-content\/uploads\/2025\/04\/IMG_7217-1152x1536.jpeg 1152w, https:\/\/sv-struthuetten.de\/wp-content\/uploads\/2025\/04\/IMG_7217-1536x2048.jpeg 1536w\" sizes=\"auto, (max-width: 150px) 100vw, 150px\" \/><\/td><td><strong>1. Jugendleiter<\/strong><br>&nbsp;<br>Roman Makarow<br><br><\/td><\/tr><tr><td class=\"has-text-align-center\" data-align=\"center\"><img loading=\"lazy\" decoding=\"async\" width=\"150\" height=\"200\" class=\"wp-image-7602\" style=\"width: 150px;\" src=\"https:\/\/sv-struthuetten.de\/wp-content\/uploads\/2025\/04\/IMG_7197-scaled.jpeg\" alt=\"\" srcset=\"https:\/\/sv-struthuetten.de\/wp-content\/uploads\/2025\/04\/IMG_7197-scaled.jpeg 1920w, https:\/\/sv-struthuetten.de\/wp-content\/uploads\/2025\/04\/IMG_7197-225x300.jpeg 225w, https:\/\/sv-struthuetten.de\/wp-content\/uploads\/2025\/04\/IMG_7197-768x1024.jpeg 768w, https:\/\/sv-struthuetten.de\/wp-content\/uploads\/2025\/04\/IMG_7197-300x400.jpeg 300w, https:\/\/sv-struthuetten.de\/wp-content\/uploads\/2025\/04\/IMG_7197-1152x1536.jpeg 1152w, https:\/\/sv-struthuetten.de\/wp-content\/uploads\/2025\/04\/IMG_7197-1536x2048.jpeg 1536w\" sizes=\"auto, (max-width: 150px) 100vw, 150px\" \/><\/td><td><br><strong>BDS-Schie\u00dfleiter<\/strong><br>\u00a0<br>Frederik Weidt<br><br><a href=\"mailto:Frederik.Weidt@sv-struthuetten.de\" data-type=\"mailto\" data-id=\"mailto:Frederik.Weidt@sv-struthuetten.info\">Frederik.Weidt@sv-struthuetten.de<\/a><br>Telefon: 02735\/6769<\/td><\/tr><tr><td class=\"has-text-align-center\" data-align=\"center\"><img loading=\"lazy\" decoding=\"async\" width=\"150\" height=\"200\" class=\"wp-image-7596\" style=\"width: 150px;\" src=\"https:\/\/sv-struthuetten.de\/wp-content\/uploads\/2025\/04\/IMG_7223-scaled.jpeg\" alt=\"\" srcset=\"https:\/\/sv-struthuetten.de\/wp-content\/uploads\/2025\/04\/IMG_7223-scaled.jpeg 1920w, https:\/\/sv-struthuetten.de\/wp-content\/uploads\/2025\/04\/IMG_7223-225x300.jpeg 225w, https:\/\/sv-struthuetten.de\/wp-content\/uploads\/2025\/04\/IMG_7223-768x1024.jpeg 768w, https:\/\/sv-struthuetten.de\/wp-content\/uploads\/2025\/04\/IMG_7223-300x400.jpeg 300w, https:\/\/sv-struthuetten.de\/wp-content\/uploads\/2025\/04\/IMG_7223-1152x1536.jpeg 1152w, https:\/\/sv-struthuetten.de\/wp-content\/uploads\/2025\/04\/IMG_7223-1536x2048.jpeg 1536w\" sizes=\"auto, (max-width: 150px) 100vw, 150px\" \/><\/td><td><strong>Protokollantin<\/strong><br><br>Angelika Meyer<br><\/td><\/tr><tr><td class=\"has-text-align-center\" data-align=\"center\"><img loading=\"lazy\" decoding=\"async\" width=\"150\" height=\"200\" class=\"wp-image-7600\" style=\"width: 150px;\" src=\"https:\/\/sv-struthuetten.de\/wp-content\/uploads\/2025\/04\/IMG_7202-scaled.jpeg\" alt=\"\" srcset=\"https:\/\/sv-struthuetten.de\/wp-content\/uploads\/2025\/04\/IMG_7202-scaled.jpeg 1920w, https:\/\/sv-struthuetten.de\/wp-content\/uploads\/2025\/04\/IMG_7202-225x300.jpeg 225w, https:\/\/sv-struthuetten.de\/wp-content\/uploads\/2025\/04\/IMG_7202-768x1024.jpeg 768w, https:\/\/sv-struthuetten.de\/wp-content\/uploads\/2025\/04\/IMG_7202-300x400.jpeg 300w, https:\/\/sv-struthuetten.de\/wp-content\/uploads\/2025\/04\/IMG_7202-1152x1536.jpeg 1152w, https:\/\/sv-struthuetten.de\/wp-content\/uploads\/2025\/04\/IMG_7202-1536x2048.jpeg 1536w\" sizes=\"auto, (max-width: 150px) 100vw, 150px\" \/>   <img loading=\"lazy\" decoding=\"async\" width=\"150\" height=\"200\" class=\"wp-image-7604\" style=\"width: 150px;\" src=\"https:\/\/sv-struthuetten.de\/wp-content\/uploads\/2025\/04\/IMG_7245-scaled.jpeg\" alt=\"\" srcset=\"https:\/\/sv-struthuetten.de\/wp-content\/uploads\/2025\/04\/IMG_7245-scaled.jpeg 1920w, https:\/\/sv-struthuetten.de\/wp-content\/uploads\/2025\/04\/IMG_7245-225x300.jpeg 225w, https:\/\/sv-struthuetten.de\/wp-content\/uploads\/2025\/04\/IMG_7245-768x1024.jpeg 768w, https:\/\/sv-struthuetten.de\/wp-content\/uploads\/2025\/04\/IMG_7245-300x400.jpeg 300w, https:\/\/sv-struthuetten.de\/wp-content\/uploads\/2025\/04\/IMG_7245-1152x1536.jpeg 1152w, https:\/\/sv-struthuetten.de\/wp-content\/uploads\/2025\/04\/IMG_7245-1536x2048.jpeg 1536w\" sizes=\"auto, (max-width: 150px) 100vw, 150px\" \/><\/td><td><strong>Beisitzer\/in<br><\/strong><br>Lukas Engelhard<br>Kathrin Stahl<br>Tim Wenzelmann<\/td><\/tr><tr><td class=\"has-text-align-center\" data-align=\"center\"><img loading=\"lazy\" decoding=\"async\" width=\"150\" height=\"200\" class=\"wp-image-7603\" style=\"width: 150px;\" src=\"https:\/\/sv-struthuetten.de\/wp-content\/uploads\/2025\/04\/IMG_7239-scaled.jpeg\" alt=\"\" srcset=\"https:\/\/sv-struthuetten.de\/wp-content\/uploads\/2025\/04\/IMG_7239-scaled.jpeg 1920w, https:\/\/sv-struthuetten.de\/wp-content\/uploads\/2025\/04\/IMG_7239-225x300.jpeg 225w, https:\/\/sv-struthuetten.de\/wp-content\/uploads\/2025\/04\/IMG_7239-768x1024.jpeg 768w, https:\/\/sv-struthuetten.de\/wp-content\/uploads\/2025\/04\/IMG_7239-300x400.jpeg 300w, https:\/\/sv-struthuetten.de\/wp-content\/uploads\/2025\/04\/IMG_7239-1152x1536.jpeg 1152w, https:\/\/sv-struthuetten.de\/wp-content\/uploads\/2025\/04\/IMG_7239-1536x2048.jpeg 1536w\" sizes=\"auto, (max-width: 150px) 100vw, 150px\" \/><\/td><td><strong>Pressewart\/in<\/strong><br><br>Larissa Meyer<br><\/td><\/tr><tr><td class=\"has-text-align-center\" data-align=\"center\"><\/td><td><\/td><\/tr><tr><td class=\"has-text-align-center\" data-align=\"center\"><br><img loading=\"lazy\" decoding=\"async\" width=\"150\" height=\"200\" class=\"wp-image-7606\" style=\"width: 150px;\" src=\"https:\/\/sv-struthuetten.de\/wp-content\/uploads\/2025\/04\/IMG_7181-scaled.jpeg\" alt=\"\" srcset=\"https:\/\/sv-struthuetten.de\/wp-content\/uploads\/2025\/04\/IMG_7181-scaled.jpeg 1920w, https:\/\/sv-struthuetten.de\/wp-content\/uploads\/2025\/04\/IMG_7181-225x300.jpeg 225w, https:\/\/sv-struthuetten.de\/wp-content\/uploads\/2025\/04\/IMG_7181-768x1024.jpeg 768w, https:\/\/sv-struthuetten.de\/wp-content\/uploads\/2025\/04\/IMG_7181-300x400.jpeg 300w, https:\/\/sv-struthuetten.de\/wp-content\/uploads\/2025\/04\/IMG_7181-1152x1536.jpeg 1152w, https:\/\/sv-struthuetten.de\/wp-content\/uploads\/2025\/04\/IMG_7181-1536x2048.jpeg 1536w\" sizes=\"auto, (max-width: 150px) 100vw, 150px\" \/><br><br><br><br><\/td><td><strong>Der Vorstand<\/strong><\/td><\/tr><\/tbody><\/table><\/figure>\n","protected":false},"excerpt":{"rendered":"<p>VereinsadresseSV Struth\u00fcttenAm B\u00e4hnchen ( keine Postadresse ! )57290 NeunkirchenTelefon: 02735 5993 Postanschrift: SV Struth\u00fcttenDirk MeyerAm Altenberg 1857290 Neunkirchen Email: Info@sv-struthuetten.de 1. Vorsitzender Dirk Meyer Dirk.Meyer@sv-struthuetten.deTelefon: 02735\/2903 Gesch\u00e4ftsf\u00fchrerThomas Helsper Thomas.Helsper@sv-struthuetten.deTelefon: 02739\/7879 2. Vorsitzender Frank Euteneuer Frank.Euteneuer@sv-struthuetten.deTelefon: 02744\/933399 1. Kassierer Imre Helsper Imre.Helsper@sv-struthuetten.deTelefon: 2. Kassierer Ren\u00e9 Jungk Ren\u00e9.Jungk@sv-struthuetten.de 1. Schie\u00dfleiter\u00a0Christian Stahl Christian.Stahl@sv-struthuetten.deTelefon: 02744\/930934 1. Jugendleiter&nbsp;Roman Makarow BDS-Schie\u00dfleiter\u00a0Frederik Weidt Frederik.Weidt@sv-struthuetten.deTelefon: 02735\/6769 Protokollantin Angelika Meyer Beisitzer\/inLukas EngelhardKathrin StahlTim Wenzelmann Pressewart\/in Larissa Meyer Der Vorstand<\/p>\n","protected":false},"author":1,"featured_media":0,"parent":0,"menu_order":0,"comment_status":"closed","ping_status":"closed","template":"","meta":{"ngg_post_thumbnail":0,"footnotes":""},"class_list":["post-312","page","type-page","status-publish","hentry"],"_links":{"self":[{"href":"https:\/\/sv-struthuetten.de\/aktuelles\/wp-json\/wp\/v2\/pages\/312","targetHints":{"allow":["GET"]}}],"collection":[{"href":"https:\/\/sv-struthuetten.de\/aktuelles\/wp-json\/wp\/v2\/pages"}],"about":[{"href":"https:\/\/sv-struthuetten.de\/aktuelles\/wp-json\/wp\/v2\/types\/page"}],"author":[{"embeddable":true,"href":"https:\/\/sv-struthuetten.de\/aktuelles\/wp-json\/wp\/v2\/users\/1"}],"replies":[{"embeddable":true,"href":"https:\/\/sv-struthuetten.de\/aktuelles\/wp-json\/wp\/v2\/comments?post=312"}],"version-history":[{"count":28,"href":"https:\/\/sv-struthuetten.de\/aktuelles\/wp-json\/wp\/v2\/pages\/312\/revisions"}],"predecessor-version":[{"id":7691,"href":"https:\/\/sv-struthuetten.de\/aktuelles\/wp-json\/wp\/v2\/pages\/312\/revisions\/7691"}],"wp:attachment":[{"href":"https:\/\/sv-struthuetten.de\/aktuelles\/wp-json\/wp\/v2\/media?parent=312"}],"curies":[{"name":"wp","href":"https:\/\/api.w.org\/{rel}","templated":true}]}}