{"id":349,"date":"2020-04-20T09:18:04","date_gmt":"2020-04-20T09:18:04","guid":{"rendered":"http:\/\/sv-struthuetten.de\/?page_id=349"},"modified":"2020-04-20T13:03:22","modified_gmt":"2020-04-20T13:03:22","slug":"impressum","status":"publish","type":"page","link":"https:\/\/sv-struthuetten.de\/aktuelles\/impressum\/","title":{"rendered":"Impressum"},"content":{"rendered":"\n<h5 class=\"wp-block-heading\">Vereinsadresse<\/h5>\n\n\n\n<p>SV Struth\u00fctten<br>Am B\u00e4hnchen<br>57290 Neunkirchen<\/p>\n\n\n\n<p>Telefon 02735\/5993<\/p>\n\n\n\n<p>Email&nbsp;<a href=\"mailto:info@sv-struthuetten.de\">info@sv-struthuetten.de<\/a><\/p>\n\n\n\n<h5 class=\"wp-block-heading\">Postanschrift<\/h5>\n\n\n\n<p>\u00a0SV Struth\u00fctten<\/p>\n\n\n\n<p>Thomas Helsper<br>Hermann-L\u00f6ns Stra\u00dfe,36<br>57234 Wilnsdorf<\/p>\n\n\n\n<p>Vertretungsberechtigt im Sinne des \u00a726 BGB bei gerichtlichen und au\u00dfergerichtlichen Angelegenheiten sind der 1. Vorsitzende, der 2. Vorsitzende, der Kassenwart und der 1. Schriftf\u00fchrer.<\/p>\n","protected":false},"excerpt":{"rendered":"<p>Vereinsadresse SV Struth\u00fcttenAm B\u00e4hnchen57290 Neunkirchen Telefon 02735\/5993 Email&nbsp;info@sv-struthuetten.de Postanschrift \u00a0SV Struth\u00fctten Thomas HelsperHermann-L\u00f6ns Stra\u00dfe,3657234 Wilnsdorf Vertretungsberechtigt im Sinne des \u00a726 BGB bei gerichtlichen und au\u00dfergerichtlichen Angelegenheiten sind der 1. Vorsitzende, der 2. Vorsitzende, der Kassenwart und der 1. Schriftf\u00fchrer.<\/p>\n","protected":false},"author":1,"featured_media":0,"parent":0,"menu_order":0,"comment_status":"closed","ping_status":"closed","template":"","meta":{"ngg_post_thumbnail":0,"footnotes":""},"class_list":["post-349","page","type-page","status-publish","hentry"],"_links":{"self":[{"href":"https:\/\/sv-struthuetten.de\/aktuelles\/wp-json\/wp\/v2\/pages\/349","targetHints":{"allow":["GET"]}}],"collection":[{"href":"https:\/\/sv-struthuetten.de\/aktuelles\/wp-json\/wp\/v2\/pages"}],"about":[{"href":"https:\/\/sv-struthuetten.de\/aktuelles\/wp-json\/wp\/v2\/types\/page"}],"author":[{"embeddable":true,"href":"https:\/\/sv-struthuetten.de\/aktuelles\/wp-json\/wp\/v2\/users\/1"}],"replies":[{"embeddable":true,"href":"https:\/\/sv-struthuetten.de\/aktuelles\/wp-json\/wp\/v2\/comments?post=349"}],"version-history":[{"count":2,"href":"https:\/\/sv-struthuetten.de\/aktuelles\/wp-json\/wp\/v2\/pages\/349\/revisions"}],"predecessor-version":[{"id":1031,"href":"https:\/\/sv-struthuetten.de\/aktuelles\/wp-json\/wp\/v2\/pages\/349\/revisions\/1031"}],"wp:attachment":[{"href":"https:\/\/sv-struthuetten.de\/aktuelles\/wp-json\/wp\/v2\/media?parent=349"}],"curies":[{"name":"wp","href":"https:\/\/api.w.org\/{rel}","templated":true}]}}